{"id":4062,"date":"2024-06-29T04:02:07","date_gmt":"2024-06-29T04:02:07","guid":{"rendered":"https:\/\/norteembalagens.com.br\/peixoto\/?post_type=product&#038;p=4062"},"modified":"2024-07-12T18:18:10","modified_gmt":"2024-07-12T18:18:10","slug":"marshmallows-twist-azul-e-branco","status":"publish","type":"product","link":"https:\/\/norteembalagens.com.br\/peixoto\/produto\/marshmallows-twist-azul-e-branco\/","title":{"rendered":"MARSHMALLOWS TWIST AZUL E BRANCO"},"content":{"rendered":"","protected":false},"excerpt":{"rendered":"<p>Este twist azul e branco, sabor baunilha, vai te envolver!<br \/>\n\u00c9\u00a0um produto aerado, produzido basicamente por uma mistura de gelatina, a\u00e7\u00facar e glucose.<br \/>\nEle pode ser consumido tanto puro, como tostado ou assado, acompanhando bebidas quentes e fondues.<br \/>\n<strong>Ingredientres:<\/strong>\u00a0Xarope de glicose, a\u00e7\u00facar, \u00e1gua, dextrose, gelificante gelatina, aromatizante, regulador de acidez tetrapirofosfato de s\u00f3dio, amido de milho, corantes artificiais tartrazina, amarelo crep\u00fasculo, azul brilhante FCF, vermelho 40 e azul indigotina.<br \/>\n<strong>Al\u00e9rgicos:<\/strong>\u00a0N\u00e3o cont\u00e9m gl\u00faten.<\/p>\n","protected":false},"featured_media":4063,"comment_status":"open","ping_status":"closed","template":"","meta":{"inline_featured_image":false,"_monsterinsights_skip_tracking":false,"_monsterinsights_sitenote_active":false,"_monsterinsights_sitenote_note":"","_monsterinsights_sitenote_category":0},"product_cat":[210],"product_tag":[],"class_list":{"0":"post-4062","1":"product","2":"type-product","3":"status-publish","4":"has-post-thumbnail","6":"product_cat-festa","8":"first","9":"outofstock","10":"shipping-taxable","11":"product-type-variable"},"aioseo_notices":[],"_links":{"self":[{"href":"https:\/\/norteembalagens.com.br\/peixoto\/wp-json\/wp\/v2\/product\/4062","targetHints":{"allow":["GET"]}}],"collection":[{"href":"https:\/\/norteembalagens.com.br\/peixoto\/wp-json\/wp\/v2\/product"}],"about":[{"href":"https:\/\/norteembalagens.com.br\/peixoto\/wp-json\/wp\/v2\/types\/product"}],"replies":[{"embeddable":true,"href":"https:\/\/norteembalagens.com.br\/peixoto\/wp-json\/wp\/v2\/comments?post=4062"}],"wp:featuredmedia":[{"embeddable":true,"href":"https:\/\/norteembalagens.com.br\/peixoto\/wp-json\/wp\/v2\/media\/4063"}],"wp:attachment":[{"href":"https:\/\/norteembalagens.com.br\/peixoto\/wp-json\/wp\/v2\/media?parent=4062"}],"wp:term":[{"taxonomy":"product_cat","embeddable":true,"href":"https:\/\/norteembalagens.com.br\/peixoto\/wp-json\/wp\/v2\/product_cat?post=4062"},{"taxonomy":"product_tag","embeddable":true,"href":"https:\/\/norteembalagens.com.br\/peixoto\/wp-json\/wp\/v2\/product_tag?post=4062"}],"curies":[{"name":"wp","href":"https:\/\/api.w.org\/{rel}","templated":true}]}}