{"id":4030,"date":"2024-06-28T23:04:12","date_gmt":"2024-06-28T23:04:12","guid":{"rendered":"https:\/\/norteembalagens.com.br\/peixoto\/?post_type=product&#038;p=4030"},"modified":"2024-07-12T18:18:51","modified_gmt":"2024-07-12T18:18:51","slug":"caramelo-leite-com-chocolate-500g","status":"publish","type":"product","link":"https:\/\/norteembalagens.com.br\/peixoto\/produto\/caramelo-leite-com-chocolate-500g\/","title":{"rendered":"CARAMELO LEITE COM CHOCOLATE 500G"},"content":{"rendered":"","protected":false},"excerpt":{"rendered":"<p>Bala Caramelo Leite Com Chocolate 500g &#8211; Simonetto<\/p>\n<p>O melhor caramelo, saboroso e feito para voc\u00ea.<\/p>\n<p>Sabor: Leite com Chocolate<br \/>\nPeso: 500 gramas<br \/>\nQuantidade: aproximadamente 80 unidades<br \/>\nMarca: Simonetto<\/p>\n<p>Ingredientes: A\u00e7ucar, xarope de glicose, leite integral, soro de leite, gordura vegetal, corante caramelo, creme de leite, sal, emulsificante mono e diglicer\u00eddeo de \u00e1cidos graxos comest\u00edveis, estabilizante lecitina de soja, aroma artificial de leite, aroma artificial de chocolate. N\u00e3o cont\u00e9m gl\u00faten.<\/p>\n<p>al\u00e9rgicos: Cont\u00e9m derivados de soja e leite.<\/p>\n","protected":false},"featured_media":4031,"comment_status":"open","ping_status":"closed","template":"","meta":{"inline_featured_image":false,"_monsterinsights_skip_tracking":false,"_monsterinsights_sitenote_active":false,"_monsterinsights_sitenote_note":"","_monsterinsights_sitenote_category":0},"product_cat":[210],"product_tag":[],"class_list":{"0":"post-4030","1":"product","2":"type-product","3":"status-publish","4":"has-post-thumbnail","6":"product_cat-festa","8":"first","9":"outofstock","10":"shipping-taxable","11":"product-type-variable"},"aioseo_notices":[],"_links":{"self":[{"href":"https:\/\/norteembalagens.com.br\/peixoto\/wp-json\/wp\/v2\/product\/4030","targetHints":{"allow":["GET"]}}],"collection":[{"href":"https:\/\/norteembalagens.com.br\/peixoto\/wp-json\/wp\/v2\/product"}],"about":[{"href":"https:\/\/norteembalagens.com.br\/peixoto\/wp-json\/wp\/v2\/types\/product"}],"replies":[{"embeddable":true,"href":"https:\/\/norteembalagens.com.br\/peixoto\/wp-json\/wp\/v2\/comments?post=4030"}],"wp:featuredmedia":[{"embeddable":true,"href":"https:\/\/norteembalagens.com.br\/peixoto\/wp-json\/wp\/v2\/media\/4031"}],"wp:attachment":[{"href":"https:\/\/norteembalagens.com.br\/peixoto\/wp-json\/wp\/v2\/media?parent=4030"}],"wp:term":[{"taxonomy":"product_cat","embeddable":true,"href":"https:\/\/norteembalagens.com.br\/peixoto\/wp-json\/wp\/v2\/product_cat?post=4030"},{"taxonomy":"product_tag","embeddable":true,"href":"https:\/\/norteembalagens.com.br\/peixoto\/wp-json\/wp\/v2\/product_tag?post=4030"}],"curies":[{"name":"wp","href":"https:\/\/api.w.org\/{rel}","templated":true}]}}