{"id":3764,"date":"2024-06-28T14:42:53","date_gmt":"2024-06-28T14:42:53","guid":{"rendered":"https:\/\/norteembalagens.com.br\/peixoto\/?post_type=product&#038;p=3764"},"modified":"2024-07-13T02:24:03","modified_gmt":"2024-07-13T02:24:03","slug":"copo-termico-300-ml-c-25-un-copobras","status":"publish","type":"product","link":"https:\/\/norteembalagens.com.br\/peixoto\/produto\/copo-termico-300-ml-c-25-un-copobras\/","title":{"rendered":"COPO TERMICO 300 ML C\/ 25 UN COPOBRAS"},"content":{"rendered":"","protected":false},"excerpt":{"rendered":"<p>Copo T\u00e9rmico Isopor 300ML Caixa 1000unidades Ideal para bebida quente e fria ? Capacidade &#8211; 300 ml ? Material &#8211; Poliestireno Expandido (EPS) ? QUANTIADE &#8211; 1000 Unidades * N\u00c3O ACOMPANHA TAMPA * Os copos t\u00e9rmicos da Copobras s\u00e3o resistentes \u00e0 temperatura quente e fria, evitando o desconforto t\u00e9rmico do cliente. \u00d3tima rela\u00e7\u00e3o custo x benef\u00edcio. Sugest\u00e3o de uso &#8211; caf\u00e9s, capuccinos, ch\u00e1s, cerveja, chopp, refrigerante e sucos.<\/p>\n","protected":false},"featured_media":3768,"comment_status":"open","ping_status":"closed","template":"","meta":{"inline_featured_image":false,"_monsterinsights_skip_tracking":false,"_monsterinsights_sitenote_active":false,"_monsterinsights_sitenote_note":"","_monsterinsights_sitenote_category":0},"product_cat":[15,222,214],"product_tag":[],"class_list":{"0":"post-3764","1":"product","2":"type-product","3":"status-publish","4":"has-post-thumbnail","6":"product_cat-embalagem","7":"product_cat-descartaveis","8":"product_cat-sorveteria","10":"first","11":"outofstock","12":"shipping-taxable","13":"product-type-variable"},"aioseo_notices":[],"_links":{"self":[{"href":"https:\/\/norteembalagens.com.br\/peixoto\/wp-json\/wp\/v2\/product\/3764","targetHints":{"allow":["GET"]}}],"collection":[{"href":"https:\/\/norteembalagens.com.br\/peixoto\/wp-json\/wp\/v2\/product"}],"about":[{"href":"https:\/\/norteembalagens.com.br\/peixoto\/wp-json\/wp\/v2\/types\/product"}],"replies":[{"embeddable":true,"href":"https:\/\/norteembalagens.com.br\/peixoto\/wp-json\/wp\/v2\/comments?post=3764"}],"wp:featuredmedia":[{"embeddable":true,"href":"https:\/\/norteembalagens.com.br\/peixoto\/wp-json\/wp\/v2\/media\/3768"}],"wp:attachment":[{"href":"https:\/\/norteembalagens.com.br\/peixoto\/wp-json\/wp\/v2\/media?parent=3764"}],"wp:term":[{"taxonomy":"product_cat","embeddable":true,"href":"https:\/\/norteembalagens.com.br\/peixoto\/wp-json\/wp\/v2\/product_cat?post=3764"},{"taxonomy":"product_tag","embeddable":true,"href":"https:\/\/norteembalagens.com.br\/peixoto\/wp-json\/wp\/v2\/product_tag?post=3764"}],"curies":[{"name":"wp","href":"https:\/\/api.w.org\/{rel}","templated":true}]}}