{"id":3700,"date":"2024-06-28T12:42:06","date_gmt":"2024-06-28T12:42:06","guid":{"rendered":"https:\/\/norteembalagens.com.br\/peixoto\/?post_type=product&#038;p=3700"},"modified":"2024-07-31T21:57:09","modified_gmt":"2024-07-31T21:57:09","slug":"hm-03-c-tampa-un","status":"publish","type":"product","link":"https:\/\/norteembalagens.com.br\/peixoto\/produto\/hm-03-c-tampa-un\/","title":{"rendered":"HAMBURGUEIRA HM 03 C\/ TAMPA UN"},"content":{"rendered":"","protected":false},"excerpt":{"rendered":"<table border=\"0\" width=\"827\" cellspacing=\"0\" cellpadding=\"0\">\n<colgroup>\n<col \/>\n<col \/>\n<col \/>\n<col span=\"3\" \/><\/colgroup>\n<tbody>\n<tr>\n<td colspan=\"6\" height=\"65\">As Embalagens t\u00e9rmicas branca de EPS Meiwa s\u00e3o perfeitas para aprimorar o seu neg\u00f3cio pois elas s\u00e3o capazes de suportar altas temperaturas, de isolar a troca de temperatura e umidade com o exterior e s\u00e3o resistentes a impactos, garantindo assim a apar\u00eancia e o frescor original do alimento. O detalhe das tampas articuladas faz com que essas caixas sejam f\u00e1ceis de abrir e fechar, al\u00e9m das tampas evitarem o derramamento do alimento durante o transporte. Oferecemos uma grande variedade de embalagens, para melhor atender a necessidade do seu neg\u00f3cio. Essas embalagens atendem desde cachorros-quentes, hamb\u00fargueres, por\u00e7\u00f5es de fritas, de salgados, sandu\u00edches gigantes, espetinhos, comida japonesa, fatias de bolos ou tortas, entre diversas outras possibilidades.<\/td>\n<\/tr>\n<\/tbody>\n<\/table>\n","protected":false},"featured_media":3705,"comment_status":"open","ping_status":"closed","template":"","meta":{"inline_featured_image":false,"_monsterinsights_skip_tracking":false,"_monsterinsights_sitenote_active":false,"_monsterinsights_sitenote_note":"","_monsterinsights_sitenote_category":0},"product_cat":[15,222,214],"product_tag":[],"class_list":{"0":"post-3700","1":"product","2":"type-product","3":"status-publish","4":"has-post-thumbnail","6":"product_cat-embalagem","7":"product_cat-descartaveis","8":"product_cat-sorveteria","10":"first","11":"outofstock","12":"shipping-taxable","13":"product-type-variable"},"aioseo_notices":[],"_links":{"self":[{"href":"https:\/\/norteembalagens.com.br\/peixoto\/wp-json\/wp\/v2\/product\/3700","targetHints":{"allow":["GET"]}}],"collection":[{"href":"https:\/\/norteembalagens.com.br\/peixoto\/wp-json\/wp\/v2\/product"}],"about":[{"href":"https:\/\/norteembalagens.com.br\/peixoto\/wp-json\/wp\/v2\/types\/product"}],"replies":[{"embeddable":true,"href":"https:\/\/norteembalagens.com.br\/peixoto\/wp-json\/wp\/v2\/comments?post=3700"}],"wp:featuredmedia":[{"embeddable":true,"href":"https:\/\/norteembalagens.com.br\/peixoto\/wp-json\/wp\/v2\/media\/3705"}],"wp:attachment":[{"href":"https:\/\/norteembalagens.com.br\/peixoto\/wp-json\/wp\/v2\/media?parent=3700"}],"wp:term":[{"taxonomy":"product_cat","embeddable":true,"href":"https:\/\/norteembalagens.com.br\/peixoto\/wp-json\/wp\/v2\/product_cat?post=3700"},{"taxonomy":"product_tag","embeddable":true,"href":"https:\/\/norteembalagens.com.br\/peixoto\/wp-json\/wp\/v2\/product_tag?post=3700"}],"curies":[{"name":"wp","href":"https:\/\/api.w.org\/{rel}","templated":true}]}}