{"id":3304,"date":"2024-06-26T21:03:59","date_gmt":"2024-06-26T21:03:59","guid":{"rendered":"https:\/\/norteembalagens.com.br\/peixoto\/?post_type=product&#038;p=3304"},"modified":"2024-07-13T14:51:52","modified_gmt":"2024-07-13T14:51:52","slug":"forma-quadrada-30x8","status":"publish","type":"product","link":"https:\/\/norteembalagens.com.br\/peixoto\/produto\/forma-quadrada-30x8\/","title":{"rendered":"FORMA QUADRADA 30X8"},"content":{"rendered":"","protected":false},"excerpt":{"rendered":"<p>Forma feita em alum\u00ednio de alta resist\u00eancia Ideal para realizar pratos como: bolos, p\u00e3es, massas, carnes, tortas e muito mais.<\/p>\n<p>Dimens\u00f5es aproximadas do produto:<br \/>\nMedida do fundo: 30cm<br \/>\nMedida da parte de cima: 33cm<br \/>\nAltura da forma: 8<br \/>\nQuantidade: 1 Unidade.<br \/>\nComposi\u00e7\u00e3o: Alum\u00ednio.<\/p>\n","protected":false},"featured_media":3305,"comment_status":"open","ping_status":"closed","template":"","meta":{"inline_featured_image":false,"_monsterinsights_skip_tracking":false,"_monsterinsights_sitenote_active":false,"_monsterinsights_sitenote_note":"","_monsterinsights_sitenote_category":0},"product_cat":[213],"product_tag":[],"class_list":{"0":"post-3304","1":"product","2":"type-product","3":"status-publish","4":"has-post-thumbnail","6":"product_cat-confeitaria","8":"first","9":"outofstock","10":"shipping-taxable","11":"product-type-variable"},"aioseo_notices":[],"_links":{"self":[{"href":"https:\/\/norteembalagens.com.br\/peixoto\/wp-json\/wp\/v2\/product\/3304","targetHints":{"allow":["GET"]}}],"collection":[{"href":"https:\/\/norteembalagens.com.br\/peixoto\/wp-json\/wp\/v2\/product"}],"about":[{"href":"https:\/\/norteembalagens.com.br\/peixoto\/wp-json\/wp\/v2\/types\/product"}],"replies":[{"embeddable":true,"href":"https:\/\/norteembalagens.com.br\/peixoto\/wp-json\/wp\/v2\/comments?post=3304"}],"wp:featuredmedia":[{"embeddable":true,"href":"https:\/\/norteembalagens.com.br\/peixoto\/wp-json\/wp\/v2\/media\/3305"}],"wp:attachment":[{"href":"https:\/\/norteembalagens.com.br\/peixoto\/wp-json\/wp\/v2\/media?parent=3304"}],"wp:term":[{"taxonomy":"product_cat","embeddable":true,"href":"https:\/\/norteembalagens.com.br\/peixoto\/wp-json\/wp\/v2\/product_cat?post=3304"},{"taxonomy":"product_tag","embeddable":true,"href":"https:\/\/norteembalagens.com.br\/peixoto\/wp-json\/wp\/v2\/product_tag?post=3304"}],"curies":[{"name":"wp","href":"https:\/\/api.w.org\/{rel}","templated":true}]}}