{"id":3276,"date":"2024-06-26T16:27:57","date_gmt":"2024-06-26T16:27:57","guid":{"rendered":"https:\/\/norteembalagens.com.br\/peixoto\/?post_type=product&#038;p=3276"},"modified":"2024-07-13T13:55:35","modified_gmt":"2024-07-13T13:55:35","slug":"forma-pao-de-mel-nr-3-c-cordao","status":"publish","type":"product","link":"https:\/\/norteembalagens.com.br\/peixoto\/produto\/forma-pao-de-mel-nr-3-c-cordao\/","title":{"rendered":"FORMA PAO DE MEL NR 3 C\/ CORDAO"},"content":{"rendered":"<p>INFORMA\u00c7\u00d5ES ADICIONAIS<br \/>\narrow<br \/>\nDimens\u00f5es aproximadas do produto: Fundo: 6cm x Altura: 3cm Quantidade: 12 Unidades Composi\u00e7\u00e3o: Alum\u00ednio.<\/p>\n","protected":false},"excerpt":{"rendered":"<p>A Forma para p\u00e3o de mel alta com cord\u00e3o N\u00ba3 da Roldan \u00e9 um item indispens\u00e1vel para otimizar a produ\u00e7\u00e3o de seus p\u00e3es de mel, brownies, blondies, mini bolos, bolos de pote e muito mais. Este produto ir\u00e1 garantir que suas receitas sejam padronizadas, tornando-as mais profissionais e bonitas al\u00e9m \u00e9 claro de deliciosas. Informa\u00e7\u00f5es adicionais: Produzida em a\u00e7o inox. Cont\u00e9m 12 unidades.<\/p>\n","protected":false},"featured_media":3277,"comment_status":"open","ping_status":"closed","template":"","meta":{"inline_featured_image":false,"_monsterinsights_skip_tracking":false,"_monsterinsights_sitenote_active":false,"_monsterinsights_sitenote_note":"","_monsterinsights_sitenote_category":0},"product_cat":[213],"product_tag":[],"class_list":{"0":"post-3276","1":"product","2":"type-product","3":"status-publish","4":"has-post-thumbnail","6":"product_cat-confeitaria","8":"first","9":"outofstock","10":"shipping-taxable","11":"product-type-variable"},"aioseo_notices":[],"_links":{"self":[{"href":"https:\/\/norteembalagens.com.br\/peixoto\/wp-json\/wp\/v2\/product\/3276","targetHints":{"allow":["GET"]}}],"collection":[{"href":"https:\/\/norteembalagens.com.br\/peixoto\/wp-json\/wp\/v2\/product"}],"about":[{"href":"https:\/\/norteembalagens.com.br\/peixoto\/wp-json\/wp\/v2\/types\/product"}],"replies":[{"embeddable":true,"href":"https:\/\/norteembalagens.com.br\/peixoto\/wp-json\/wp\/v2\/comments?post=3276"}],"wp:featuredmedia":[{"embeddable":true,"href":"https:\/\/norteembalagens.com.br\/peixoto\/wp-json\/wp\/v2\/media\/3277"}],"wp:attachment":[{"href":"https:\/\/norteembalagens.com.br\/peixoto\/wp-json\/wp\/v2\/media?parent=3276"}],"wp:term":[{"taxonomy":"product_cat","embeddable":true,"href":"https:\/\/norteembalagens.com.br\/peixoto\/wp-json\/wp\/v2\/product_cat?post=3276"},{"taxonomy":"product_tag","embeddable":true,"href":"https:\/\/norteembalagens.com.br\/peixoto\/wp-json\/wp\/v2\/product_tag?post=3276"}],"curies":[{"name":"wp","href":"https:\/\/api.w.org\/{rel}","templated":true}]}}