{"id":3191,"date":"2024-06-26T16:32:00","date_gmt":"2024-06-26T16:32:00","guid":{"rendered":"https:\/\/norteembalagens.com.br\/peixoto\/?post_type=product&#038;p=3191"},"modified":"2024-07-13T14:53:24","modified_gmt":"2024-07-13T14:53:24","slug":"forma-p-torta-26-funfo-falso","status":"publish","type":"product","link":"https:\/\/norteembalagens.com.br\/peixoto\/produto\/forma-p-torta-26-funfo-falso\/","title":{"rendered":"FORMA P\/ TORTA 26 FUNFO FALSO"},"content":{"rendered":"<p>Caracter\u00edsticas:<br \/>\nDimens\u00f5es: 26cm x5cm de altura.<br \/>\nVolume: 2,3 Litros.<br \/>\nFundo: Remov\u00edvel.<br \/>\nMaterial: Alum\u00ednio.<\/p>\n","protected":false},"excerpt":{"rendered":"<p>Forma para tortas com fundo remov\u00edvel fabricada com alum\u00ednio laminado de alt\u00edssima qualidade.<\/p>\n","protected":false},"featured_media":3278,"comment_status":"open","ping_status":"closed","template":"","meta":{"inline_featured_image":false,"_monsterinsights_skip_tracking":false,"_monsterinsights_sitenote_active":false,"_monsterinsights_sitenote_note":"","_monsterinsights_sitenote_category":0},"product_cat":[213],"product_tag":[],"class_list":{"0":"post-3191","1":"product","2":"type-product","3":"status-publish","4":"has-post-thumbnail","6":"product_cat-confeitaria","8":"first","9":"outofstock","10":"shipping-taxable","11":"product-type-variable"},"aioseo_notices":[],"_links":{"self":[{"href":"https:\/\/norteembalagens.com.br\/peixoto\/wp-json\/wp\/v2\/product\/3191","targetHints":{"allow":["GET"]}}],"collection":[{"href":"https:\/\/norteembalagens.com.br\/peixoto\/wp-json\/wp\/v2\/product"}],"about":[{"href":"https:\/\/norteembalagens.com.br\/peixoto\/wp-json\/wp\/v2\/types\/product"}],"replies":[{"embeddable":true,"href":"https:\/\/norteembalagens.com.br\/peixoto\/wp-json\/wp\/v2\/comments?post=3191"}],"wp:featuredmedia":[{"embeddable":true,"href":"https:\/\/norteembalagens.com.br\/peixoto\/wp-json\/wp\/v2\/media\/3278"}],"wp:attachment":[{"href":"https:\/\/norteembalagens.com.br\/peixoto\/wp-json\/wp\/v2\/media?parent=3191"}],"wp:term":[{"taxonomy":"product_cat","embeddable":true,"href":"https:\/\/norteembalagens.com.br\/peixoto\/wp-json\/wp\/v2\/product_cat?post=3191"},{"taxonomy":"product_tag","embeddable":true,"href":"https:\/\/norteembalagens.com.br\/peixoto\/wp-json\/wp\/v2\/product_tag?post=3191"}],"curies":[{"name":"wp","href":"https:\/\/api.w.org\/{rel}","templated":true}]}}