{"id":2866,"date":"2024-06-24T14:23:06","date_gmt":"2024-06-24T14:23:06","guid":{"rendered":"https:\/\/norteembalagens.com.br\/peixoto\/?post_type=product&#038;p=2866"},"modified":"2024-07-13T14:26:55","modified_gmt":"2024-07-13T14:26:55","slug":"faca-inox-cabo-madeira-6-pcs","status":"publish","type":"product","link":"https:\/\/norteembalagens.com.br\/peixoto\/produto\/faca-inox-cabo-madeira-6-pcs\/","title":{"rendered":"FACA INOX CABO MADEIRA 6 PCS"},"content":{"rendered":"<p>Conte\u00fado: 6 Facas<br \/>\nMaterial: A\u00e7o Inox e Madeira.<br \/>\nMedidas: 21,7cm Comprimento x 1,7cm Largura<\/p>\n<p>Podem ir \u00e0 m\u00e1quina de lavar lou\u00e7as facilitando seu dia a dia.<br \/>\nN\u00e3o perca tempo, adquira j\u00e1 o seu!!<\/p>\n","protected":false},"excerpt":{"rendered":"<p>Jogo De Talheres Facas 6 Pe\u00e7as Cabo De Madeira Inox Astana<br \/>\nJogo de Talheres com L\u00e2minas em A\u00e7o Inox e Cabos em Madeira Natural 6 Pe\u00e7as, voc\u00ea ter\u00e1 os itens perfeitos para saborear um almo\u00e7o em fam\u00edlia. A linha de Garfos, Facas e Colheres Em casa tem traz pe\u00e7as de alta qualidade que deixaram os momentos de confraterniza\u00e7\u00e3o ainda mais pr\u00e1ticos, al\u00e9m de dar um toque de modernidade e beleza para o momento. Com o Conjunto de Talheres em A\u00e7o Inox com Cabo em Madeira 6 Pe\u00e7as todos poder\u00e3o apreciar uma boa comida da melhor forma. Os Talheres com l\u00e2minas de a\u00e7o inox dur\u00e1vel e cabos de madeira, que resistem \u00e0 impactos e altas temperaturas. Uma op\u00e7\u00e3o que far\u00e1 toda a diferen\u00e7a.<\/p>\n","protected":false},"featured_media":2867,"comment_status":"open","ping_status":"closed","template":"","meta":{"inline_featured_image":false,"_monsterinsights_skip_tracking":false,"_monsterinsights_sitenote_active":false,"_monsterinsights_sitenote_note":"","_monsterinsights_sitenote_category":0},"product_cat":[211],"product_tag":[],"class_list":{"0":"post-2866","1":"product","2":"type-product","3":"status-publish","4":"has-post-thumbnail","6":"product_cat-utilidades","8":"first","9":"outofstock","10":"shipping-taxable","11":"purchasable","12":"product-type-variable"},"aioseo_notices":[],"_links":{"self":[{"href":"https:\/\/norteembalagens.com.br\/peixoto\/wp-json\/wp\/v2\/product\/2866","targetHints":{"allow":["GET"]}}],"collection":[{"href":"https:\/\/norteembalagens.com.br\/peixoto\/wp-json\/wp\/v2\/product"}],"about":[{"href":"https:\/\/norteembalagens.com.br\/peixoto\/wp-json\/wp\/v2\/types\/product"}],"replies":[{"embeddable":true,"href":"https:\/\/norteembalagens.com.br\/peixoto\/wp-json\/wp\/v2\/comments?post=2866"}],"wp:featuredmedia":[{"embeddable":true,"href":"https:\/\/norteembalagens.com.br\/peixoto\/wp-json\/wp\/v2\/media\/2867"}],"wp:attachment":[{"href":"https:\/\/norteembalagens.com.br\/peixoto\/wp-json\/wp\/v2\/media?parent=2866"}],"wp:term":[{"taxonomy":"product_cat","embeddable":true,"href":"https:\/\/norteembalagens.com.br\/peixoto\/wp-json\/wp\/v2\/product_cat?post=2866"},{"taxonomy":"product_tag","embeddable":true,"href":"https:\/\/norteembalagens.com.br\/peixoto\/wp-json\/wp\/v2\/product_tag?post=2866"}],"curies":[{"name":"wp","href":"https:\/\/api.w.org\/{rel}","templated":true}]}}