{"id":2856,"date":"2024-06-24T14:11:49","date_gmt":"2024-06-24T14:11:49","guid":{"rendered":"https:\/\/norteembalagens.com.br\/peixoto\/?post_type=product&#038;p=2856"},"modified":"2024-07-13T14:24:10","modified_gmt":"2024-07-13T14:24:10","slug":"kit-peneira-pmg","status":"publish","type":"product","link":"https:\/\/norteembalagens.com.br\/peixoto\/produto\/kit-peneira-pmg\/","title":{"rendered":"KIT PENEIRA PMG"},"content":{"rendered":"","protected":false},"excerpt":{"rendered":"<p>Produzidas em pl\u00e1stico resistente, pega anat\u00f4mica, ideal para usar no preparo de receitas diversas, cabos com furos suspensos para auxiliar na organiza\u00e7\u00e3o. Praticidade e funcionalidade que voc\u00ea merece, aproveite!<\/p>\n<p>Cont\u00e9m 3 unidades de tamanhos diferentes.<\/p>\n<p>medidas\/ dimens\u00f5es\/ peso aproximados: 11cm\/ 9cm\/ 7cm<\/p>\n<p>marca: Ercaplast<\/p>\n<p>material: Pl\u00e1stico\/ Nylon<\/p>\n","protected":false},"featured_media":2857,"comment_status":"open","ping_status":"closed","template":"","meta":{"inline_featured_image":false,"_monsterinsights_skip_tracking":false,"_monsterinsights_sitenote_active":false,"_monsterinsights_sitenote_note":"","_monsterinsights_sitenote_category":0},"product_cat":[211],"product_tag":[],"class_list":{"0":"post-2856","1":"product","2":"type-product","3":"status-publish","4":"has-post-thumbnail","6":"product_cat-utilidades","8":"first","9":"outofstock","10":"shipping-taxable","11":"purchasable","12":"product-type-variable"},"aioseo_notices":[],"_links":{"self":[{"href":"https:\/\/norteembalagens.com.br\/peixoto\/wp-json\/wp\/v2\/product\/2856","targetHints":{"allow":["GET"]}}],"collection":[{"href":"https:\/\/norteembalagens.com.br\/peixoto\/wp-json\/wp\/v2\/product"}],"about":[{"href":"https:\/\/norteembalagens.com.br\/peixoto\/wp-json\/wp\/v2\/types\/product"}],"replies":[{"embeddable":true,"href":"https:\/\/norteembalagens.com.br\/peixoto\/wp-json\/wp\/v2\/comments?post=2856"}],"wp:featuredmedia":[{"embeddable":true,"href":"https:\/\/norteembalagens.com.br\/peixoto\/wp-json\/wp\/v2\/media\/2857"}],"wp:attachment":[{"href":"https:\/\/norteembalagens.com.br\/peixoto\/wp-json\/wp\/v2\/media?parent=2856"}],"wp:term":[{"taxonomy":"product_cat","embeddable":true,"href":"https:\/\/norteembalagens.com.br\/peixoto\/wp-json\/wp\/v2\/product_cat?post=2856"},{"taxonomy":"product_tag","embeddable":true,"href":"https:\/\/norteembalagens.com.br\/peixoto\/wp-json\/wp\/v2\/product_tag?post=2856"}],"curies":[{"name":"wp","href":"https:\/\/api.w.org\/{rel}","templated":true}]}}