{"id":2813,"date":"2024-06-24T13:13:06","date_gmt":"2024-06-24T13:13:06","guid":{"rendered":"https:\/\/norteembalagens.com.br\/peixoto\/?post_type=product&#038;p=2813"},"modified":"2024-07-13T14:24:52","modified_gmt":"2024-07-13T14:24:52","slug":"faca-toronto-blister-6-pcs","status":"publish","type":"product","link":"https:\/\/norteembalagens.com.br\/peixoto\/produto\/faca-toronto-blister-6-pcs\/","title":{"rendered":"FACA TORONTO BLISTER 6 PCS"},"content":{"rendered":"","protected":false},"excerpt":{"rendered":"<p>Uma mesa bem posta \u00e9 um presente que voc\u00ea pode se dar, com pe\u00e7as brilhantes a linha veio para trazer qualidade e sofistica\u00e7\u00e3o com pre\u00e7o justo. O Kit cont\u00e9m 06 facas em inox de alta qualidade.<br \/>\nCont\u00e9m-<br \/>\n06 facas para carne;Descri\u00e7\u00e3o-<br \/>\nMarca- Simonaggio; Linha- Toronto; Material- A\u00e7o inoxid\u00e1vel; Dimens\u00f5es- 21,5 cm altura x 2 mm espessura;<\/p>\n","protected":false},"featured_media":2814,"comment_status":"open","ping_status":"closed","template":"","meta":{"inline_featured_image":false,"_monsterinsights_skip_tracking":false,"_monsterinsights_sitenote_active":false,"_monsterinsights_sitenote_note":"","_monsterinsights_sitenote_category":0},"product_cat":[211],"product_tag":[],"class_list":{"0":"post-2813","1":"product","2":"type-product","3":"status-publish","4":"has-post-thumbnail","6":"product_cat-utilidades","8":"first","9":"outofstock","10":"shipping-taxable","11":"purchasable","12":"product-type-variable"},"aioseo_notices":[],"_links":{"self":[{"href":"https:\/\/norteembalagens.com.br\/peixoto\/wp-json\/wp\/v2\/product\/2813","targetHints":{"allow":["GET"]}}],"collection":[{"href":"https:\/\/norteembalagens.com.br\/peixoto\/wp-json\/wp\/v2\/product"}],"about":[{"href":"https:\/\/norteembalagens.com.br\/peixoto\/wp-json\/wp\/v2\/types\/product"}],"replies":[{"embeddable":true,"href":"https:\/\/norteembalagens.com.br\/peixoto\/wp-json\/wp\/v2\/comments?post=2813"}],"wp:featuredmedia":[{"embeddable":true,"href":"https:\/\/norteembalagens.com.br\/peixoto\/wp-json\/wp\/v2\/media\/2814"}],"wp:attachment":[{"href":"https:\/\/norteembalagens.com.br\/peixoto\/wp-json\/wp\/v2\/media?parent=2813"}],"wp:term":[{"taxonomy":"product_cat","embeddable":true,"href":"https:\/\/norteembalagens.com.br\/peixoto\/wp-json\/wp\/v2\/product_cat?post=2813"},{"taxonomy":"product_tag","embeddable":true,"href":"https:\/\/norteembalagens.com.br\/peixoto\/wp-json\/wp\/v2\/product_tag?post=2813"}],"curies":[{"name":"wp","href":"https:\/\/api.w.org\/{rel}","templated":true}]}}