{"id":2788,"date":"2024-06-24T12:31:32","date_gmt":"2024-06-24T12:31:32","guid":{"rendered":"https:\/\/norteembalagens.com.br\/peixoto\/?post_type=product&#038;p=2788"},"modified":"2024-07-13T14:54:30","modified_gmt":"2024-07-13T14:54:30","slug":"espumadeira-industrial","status":"publish","type":"product","link":"https:\/\/norteembalagens.com.br\/peixoto\/produto\/espumadeira-industrial\/","title":{"rendered":"ESPUMADEIRA INDUSTRIAL"},"content":{"rendered":"<p>Limpeza e cuidados:<br \/>\n&#8211; N\u00e3o lavar com materiais abrasivos;<br \/>\n&#8211; Higienizar com a parte macia da esponja, sab\u00e3o neutro e \u00e1gua.<\/p>\n","protected":false},"excerpt":{"rendered":"<p>A espumadeira para fritura da Brinox \u00e9 um utens\u00edlio essencial para equipar sua cozinha com qualidade e tornar o ato de cozinhar uma verdadeira satisfa\u00e7\u00e3o. Desenvolvida pela linha Arienzo, esta espumadeira foi projetada para atender \u00e0s necessidades dos cozinheiros mais exigentes, voltada tamb\u00e9m para uso em cozinha industrial e restaurantes. Com a espumadeira pro Arienzo, voc\u00ea poder\u00e1 escorrer alimentos preparados em \u00e1gua ou \u00f3leo de forma eficiente. Seu bojo conta com m\u00faltiplos orif\u00edcios estrategicamente posicionados, proporcionando um escoamento r\u00e1pido e eficaz, permitindo que o alimento fique sequinho em menos tempo. Al\u00e9m disso, as bordas levemente elevadas evitam derramamentos indesejados. Fabricada totalmente em a\u00e7o inoxid\u00e1vel, a escumadeira para fritura industrial une funcionalidade e eleg\u00e2ncia em um s\u00f3 produto. O a\u00e7o inoxid\u00e1vel \u00e9 conhecido por sua resist\u00eancia e durabilidade, garantindo que voc\u00ea desfrute deste utens\u00edlio por muito tempo. Al\u00e9m disso, o material \u00e9 extremamente f\u00e1cil de limpar, permitindo uma higieniza\u00e7\u00e3o r\u00e1pida e pr\u00e1tica. Seu sofisticado acabamento em alto brilho confere um toque de classe \u00e0 pe\u00e7a.<\/p>\n","protected":false},"featured_media":2789,"comment_status":"open","ping_status":"closed","template":"","meta":{"inline_featured_image":false,"_monsterinsights_skip_tracking":false,"_monsterinsights_sitenote_active":false,"_monsterinsights_sitenote_note":"","_monsterinsights_sitenote_category":0},"product_cat":[211],"product_tag":[],"class_list":{"0":"post-2788","1":"product","2":"type-product","3":"status-publish","4":"has-post-thumbnail","6":"product_cat-utilidades","8":"first","9":"outofstock","10":"shipping-taxable","11":"purchasable","12":"product-type-variable"},"aioseo_notices":[],"_links":{"self":[{"href":"https:\/\/norteembalagens.com.br\/peixoto\/wp-json\/wp\/v2\/product\/2788","targetHints":{"allow":["GET"]}}],"collection":[{"href":"https:\/\/norteembalagens.com.br\/peixoto\/wp-json\/wp\/v2\/product"}],"about":[{"href":"https:\/\/norteembalagens.com.br\/peixoto\/wp-json\/wp\/v2\/types\/product"}],"replies":[{"embeddable":true,"href":"https:\/\/norteembalagens.com.br\/peixoto\/wp-json\/wp\/v2\/comments?post=2788"}],"wp:featuredmedia":[{"embeddable":true,"href":"https:\/\/norteembalagens.com.br\/peixoto\/wp-json\/wp\/v2\/media\/2789"}],"wp:attachment":[{"href":"https:\/\/norteembalagens.com.br\/peixoto\/wp-json\/wp\/v2\/media?parent=2788"}],"wp:term":[{"taxonomy":"product_cat","embeddable":true,"href":"https:\/\/norteembalagens.com.br\/peixoto\/wp-json\/wp\/v2\/product_cat?post=2788"},{"taxonomy":"product_tag","embeddable":true,"href":"https:\/\/norteembalagens.com.br\/peixoto\/wp-json\/wp\/v2\/product_tag?post=2788"}],"curies":[{"name":"wp","href":"https:\/\/api.w.org\/{rel}","templated":true}]}}