{"id":2786,"date":"2024-06-24T12:28:53","date_gmt":"2024-06-24T12:28:53","guid":{"rendered":"https:\/\/norteembalagens.com.br\/peixoto\/?post_type=product&#038;p=2786"},"modified":"2024-07-13T15:01:48","modified_gmt":"2024-07-13T15:01:48","slug":"concha-industrial","status":"publish","type":"product","link":"https:\/\/norteembalagens.com.br\/peixoto\/produto\/concha-industrial\/","title":{"rendered":"CONCHA INDUSTRIAL"},"content":{"rendered":"<p>Composi\u00e7\u00e3o\/Material: Alum\u00ednio<br \/>\nDimens\u00f5es aproximadas da embalagem (cm): 15x11x42 cm<br \/>\nPeso aproximado da embalagem do produto (kg): 0.087 kg<\/p>\n","protected":false},"excerpt":{"rendered":"<p>Concha e cabo em alum\u00ednio.<\/p>\n<p>Utens\u00edlio culin\u00e1rio, para servir sopas ou l\u00edquidos em geral. Necess\u00e1ria prote\u00e7\u00e3o nas m\u00e3os para o manuseio em alta temperatura. Recomendado uso em fog\u00e3o.<\/p>\n<p>Antes de usar lave com \u00e1gua quente, esponja macia e detergente neutro, n\u00e3o utilize esponjas ou produtos abrasivos.<\/p>\n","protected":false},"featured_media":2787,"comment_status":"open","ping_status":"closed","template":"","meta":{"inline_featured_image":false,"_monsterinsights_skip_tracking":false,"_monsterinsights_sitenote_active":false,"_monsterinsights_sitenote_note":"","_monsterinsights_sitenote_category":0},"product_cat":[211],"product_tag":[],"class_list":{"0":"post-2786","1":"product","2":"type-product","3":"status-publish","4":"has-post-thumbnail","6":"product_cat-utilidades","8":"first","9":"outofstock","10":"shipping-taxable","11":"purchasable","12":"product-type-variable"},"aioseo_notices":[],"_links":{"self":[{"href":"https:\/\/norteembalagens.com.br\/peixoto\/wp-json\/wp\/v2\/product\/2786","targetHints":{"allow":["GET"]}}],"collection":[{"href":"https:\/\/norteembalagens.com.br\/peixoto\/wp-json\/wp\/v2\/product"}],"about":[{"href":"https:\/\/norteembalagens.com.br\/peixoto\/wp-json\/wp\/v2\/types\/product"}],"replies":[{"embeddable":true,"href":"https:\/\/norteembalagens.com.br\/peixoto\/wp-json\/wp\/v2\/comments?post=2786"}],"wp:featuredmedia":[{"embeddable":true,"href":"https:\/\/norteembalagens.com.br\/peixoto\/wp-json\/wp\/v2\/media\/2787"}],"wp:attachment":[{"href":"https:\/\/norteembalagens.com.br\/peixoto\/wp-json\/wp\/v2\/media?parent=2786"}],"wp:term":[{"taxonomy":"product_cat","embeddable":true,"href":"https:\/\/norteembalagens.com.br\/peixoto\/wp-json\/wp\/v2\/product_cat?post=2786"},{"taxonomy":"product_tag","embeddable":true,"href":"https:\/\/norteembalagens.com.br\/peixoto\/wp-json\/wp\/v2\/product_tag?post=2786"}],"curies":[{"name":"wp","href":"https:\/\/api.w.org\/{rel}","templated":true}]}}