{"id":2621,"date":"2024-06-23T14:39:54","date_gmt":"2024-06-23T14:39:54","guid":{"rendered":"https:\/\/norteembalagens.com.br\/peixoto\/?post_type=product&#038;p=2621"},"modified":"2024-07-13T15:06:34","modified_gmt":"2024-07-13T15:06:34","slug":"caneta-detectora-cedula-falsa","status":"publish","type":"product","link":"https:\/\/norteembalagens.com.br\/peixoto\/produto\/caneta-detectora-cedula-falsa\/","title":{"rendered":"CANETA DETECTORA CEDULA FALSA"},"content":{"rendered":"<p>Peso: 18g<br \/>\nAltura: 20cm<br \/>\nLargura: 7cm<br \/>\nProfundidade: 2cm<\/p>\n","protected":false},"excerpt":{"rendered":"<p>Como usar: Risque com a caneta em qualquer parte da c\u00e9dula se a marca ficar transparente a c\u00e9dula \u00e9 verdadeira.Se a marca ficar com tom escuro a c\u00e9dula \u00e9 suspeita.<\/p>\n<p>Precau\u00e7\u00f5es: conservar a temperatura m\u00e1xima 30 graus, ap\u00f3s o uso feche bem com a tampa, n\u00e3o expor \u00e0 raios solares.<\/p>\n<p>Composi\u00e7\u00e3o: resina teroplastica, carga at\u00f3xica a base de \u00e1gua, corantes e umectantes, pavio de acetato e ponta de fibra de poliester.<\/p>\n","protected":false},"featured_media":2622,"comment_status":"closed","ping_status":"closed","template":"","meta":{"inline_featured_image":false,"_monsterinsights_skip_tracking":false,"_monsterinsights_sitenote_active":false,"_monsterinsights_sitenote_note":"","_monsterinsights_sitenote_category":0},"product_cat":[212],"product_tag":[],"class_list":{"0":"post-2621","1":"product","2":"type-product","3":"status-publish","4":"has-post-thumbnail","6":"product_cat-escritorio","8":"first","9":"outofstock","10":"shipping-taxable","11":"product-type-variable"},"aioseo_notices":[],"_links":{"self":[{"href":"https:\/\/norteembalagens.com.br\/peixoto\/wp-json\/wp\/v2\/product\/2621","targetHints":{"allow":["GET"]}}],"collection":[{"href":"https:\/\/norteembalagens.com.br\/peixoto\/wp-json\/wp\/v2\/product"}],"about":[{"href":"https:\/\/norteembalagens.com.br\/peixoto\/wp-json\/wp\/v2\/types\/product"}],"replies":[{"embeddable":true,"href":"https:\/\/norteembalagens.com.br\/peixoto\/wp-json\/wp\/v2\/comments?post=2621"}],"wp:featuredmedia":[{"embeddable":true,"href":"https:\/\/norteembalagens.com.br\/peixoto\/wp-json\/wp\/v2\/media\/2622"}],"wp:attachment":[{"href":"https:\/\/norteembalagens.com.br\/peixoto\/wp-json\/wp\/v2\/media?parent=2621"}],"wp:term":[{"taxonomy":"product_cat","embeddable":true,"href":"https:\/\/norteembalagens.com.br\/peixoto\/wp-json\/wp\/v2\/product_cat?post=2621"},{"taxonomy":"product_tag","embeddable":true,"href":"https:\/\/norteembalagens.com.br\/peixoto\/wp-json\/wp\/v2\/product_tag?post=2621"}],"curies":[{"name":"wp","href":"https:\/\/api.w.org\/{rel}","templated":true}]}}