{"id":2617,"date":"2024-06-23T14:34:45","date_gmt":"2024-06-23T14:34:45","guid":{"rendered":"https:\/\/norteembalagens.com.br\/peixoto\/?post_type=product&#038;p=2617"},"modified":"2024-07-13T15:06:57","modified_gmt":"2024-07-13T15:06:57","slug":"borracha-escolar-c-capa-un","status":"publish","type":"product","link":"https:\/\/norteembalagens.com.br\/peixoto\/produto\/borracha-escolar-c-capa-un\/","title":{"rendered":"BORRACHA ESCOLAR C\/ CAPA UN"},"content":{"rendered":"<p>.<strong>Especifica\u00e7\u00f5es:<\/strong><\/p>\n<ul>\n<li>Marca:VMP;<\/li>\n<li>Material: Borracha;<\/li>\n<li>Com capa protetora verde;<\/li>\n<li>Dimens\u00f5es: 4\u00a0x 1,5 x 1,5 cm;<\/li>\n<li>Peso: 0,010 kg.<\/li>\n<\/ul>\n","protected":false},"excerpt":{"rendered":"<p>Borracha Pl\u00e1stica Branca com Capa Leo e Leo n\u00e3o suja e n\u00e3o enruga o papel. \u00c9 feita com resina termopl\u00e1stica e vem com capa pl\u00e1stica protetora.<\/p>\n","protected":false},"featured_media":2618,"comment_status":"open","ping_status":"closed","template":"","meta":{"inline_featured_image":false,"_monsterinsights_skip_tracking":false,"_monsterinsights_sitenote_active":false,"_monsterinsights_sitenote_note":"","_monsterinsights_sitenote_category":0},"product_cat":[212],"product_tag":[],"class_list":{"0":"post-2617","1":"product","2":"type-product","3":"status-publish","4":"has-post-thumbnail","6":"product_cat-escritorio","8":"first","9":"outofstock","10":"shipping-taxable","11":"product-type-variable"},"aioseo_notices":[],"_links":{"self":[{"href":"https:\/\/norteembalagens.com.br\/peixoto\/wp-json\/wp\/v2\/product\/2617","targetHints":{"allow":["GET"]}}],"collection":[{"href":"https:\/\/norteembalagens.com.br\/peixoto\/wp-json\/wp\/v2\/product"}],"about":[{"href":"https:\/\/norteembalagens.com.br\/peixoto\/wp-json\/wp\/v2\/types\/product"}],"replies":[{"embeddable":true,"href":"https:\/\/norteembalagens.com.br\/peixoto\/wp-json\/wp\/v2\/comments?post=2617"}],"wp:featuredmedia":[{"embeddable":true,"href":"https:\/\/norteembalagens.com.br\/peixoto\/wp-json\/wp\/v2\/media\/2618"}],"wp:attachment":[{"href":"https:\/\/norteembalagens.com.br\/peixoto\/wp-json\/wp\/v2\/media?parent=2617"}],"wp:term":[{"taxonomy":"product_cat","embeddable":true,"href":"https:\/\/norteembalagens.com.br\/peixoto\/wp-json\/wp\/v2\/product_cat?post=2617"},{"taxonomy":"product_tag","embeddable":true,"href":"https:\/\/norteembalagens.com.br\/peixoto\/wp-json\/wp\/v2\/product_tag?post=2617"}],"curies":[{"name":"wp","href":"https:\/\/api.w.org\/{rel}","templated":true}]}}