{"id":2615,"date":"2024-06-23T14:31:00","date_gmt":"2024-06-23T14:31:00","guid":{"rendered":"https:\/\/norteembalagens.com.br\/peixoto\/?post_type=product&#038;p=2615"},"modified":"2024-07-13T15:07:11","modified_gmt":"2024-07-13T15:07:11","slug":"cola-tek-bond-artesanato","status":"publish","type":"product","link":"https:\/\/norteembalagens.com.br\/peixoto\/produto\/cola-tek-bond-artesanato\/","title":{"rendered":"COLA TEK BOND ARTESANATO"},"content":{"rendered":"<p>Quando se trata de trabalho art\u00edstico manual, a versatilidade da cola instant\u00e2nea Artesanato N\u00ba 2 da Tekbond surpreende. Ela tem m\u00e9dia viscosidade (fica entre a do Artesanato N\u00ba 1 e a do Artesanato N\u00ba 3). Nem t\u00e3o l\u00edquida nem t\u00e3o espessa. Da\u00ed a facilidade de aplica\u00e7\u00e3o em v\u00e1rias superf\u00edcies e situa\u00e7\u00f5es.<\/p>\n<p>\u00c9 indicada para uso em substratos de dif\u00edcil ades\u00e3o, como materiais porosos. Adere diversos tipos de materiais, como madeira, mdf, biscuit, EVA, pl\u00e1sticos, acr\u00edlicos e metais. Independentemente da mat\u00e9ria-prima ou da t\u00e9cnica utilizada, escolher a cola certa \u00e9 fundamental para elaborar pe\u00e7as com mais rapidez e praticidade.<\/p>\n<p>Afinal, produtos aut\u00eanticos e com personalidade pedem uma cola multiuso de primeir\u00edssima linha. Com ela artes\u00e3os e artes\u00e3s podem soltar a imagina\u00e7\u00e3o para as mais incr\u00edveis cria\u00e7\u00f5es. Amplie cada vez mais seus portf\u00f3lios!<\/p>\n<p>&nbsp;<\/p>\n<h4>Caracter\u00edsticas e Benef\u00edcios:<\/h4>\n<ul>\n<li>Multiuso e vers\u00e1til;<\/li>\n<li>M\u00e9dia viscosidade (nem l\u00edquido nem espesso);<\/li>\n<li>\u00d3timo desempenho em materiais de dif\u00edcil ades\u00e3o, como superf\u00edcies porosas;<\/li>\n<li>Indicada para uma infinidade de materiais;<\/li>\n<\/ul>\n<ul>\n<li>Simples de usar.<\/li>\n<\/ul>\n<p>&nbsp;<\/p>\n<p><strong>Modo de Uso:<\/strong><\/p>\n<p>As superf\u00edcies devem estar limpas, sem \u00f3leo ou sujeira.<\/p>\n<p>Aplique uma fina camada de cola em apenas um das partes a serem fixadas (o excesso prejudica o desempenho do produto).<\/p>\n<p>Ap\u00f3s aplicar, mantenha as pe\u00e7as pressionadas por aproximadamente 20 segundos (quando a resist\u00eancia inicial estar\u00e1 conclu\u00edda).<\/p>\n<p>A cola atinge a m\u00e1xima resist\u00eancia em 24 horas.<\/p>\n<p>&nbsp;<\/p>\n<p><strong>Precau\u00e7\u00f5es:<\/strong><\/p>\n<p>O excesso de cola prejudica a colagem. Cola a pele e olhos em poucos segundos. Mantenha fora do alcance das crian\u00e7as.<\/p>\n<p>A polimeriza\u00e7\u00e3o do cianoacrilato gera aquecimento. Dependendo da quantidade derramada sobre as roupas, a temperatura sobe o bastante podendo causar queimadura.<\/p>\n<p>&nbsp;<\/p>\n<h4>Dados\u00a0T\u00e9cnicos:<\/h4>\n<p>Viscosidade (cP): 80 a 120<\/p>\n<p>Temperatura de Trabalho (\u00baC): -55 a 80<\/p>\n<p>Preenchimento de Folgas (mm): At\u00e9 0,10<\/p>\n<p>Resist\u00eancia ao Cisalhamento (A\u00e7o x A\u00e7o): \u2265 100Kgf\/cm<\/p>\n","protected":false},"excerpt":{"rendered":"<p>Cola vers\u00e1til de m\u00e9dia viscosidade (nem l\u00edquida nem espessa). R\u00e1pida fixa\u00e7\u00e3o em v\u00e1rios tipos de materiais, inclusive aqueles de dif\u00edcil ades\u00e3o.<\/p>\n","protected":false},"featured_media":2616,"comment_status":"open","ping_status":"closed","template":"","meta":{"inline_featured_image":false,"_monsterinsights_skip_tracking":false,"_monsterinsights_sitenote_active":false,"_monsterinsights_sitenote_note":"","_monsterinsights_sitenote_category":0},"product_cat":[212,211],"product_tag":[],"class_list":{"0":"post-2615","1":"product","2":"type-product","3":"status-publish","4":"has-post-thumbnail","6":"product_cat-escritorio","7":"product_cat-utilidades","9":"first","10":"outofstock","11":"shipping-taxable","12":"purchasable","13":"product-type-variable"},"aioseo_notices":[],"_links":{"self":[{"href":"https:\/\/norteembalagens.com.br\/peixoto\/wp-json\/wp\/v2\/product\/2615","targetHints":{"allow":["GET"]}}],"collection":[{"href":"https:\/\/norteembalagens.com.br\/peixoto\/wp-json\/wp\/v2\/product"}],"about":[{"href":"https:\/\/norteembalagens.com.br\/peixoto\/wp-json\/wp\/v2\/types\/product"}],"replies":[{"embeddable":true,"href":"https:\/\/norteembalagens.com.br\/peixoto\/wp-json\/wp\/v2\/comments?post=2615"}],"wp:featuredmedia":[{"embeddable":true,"href":"https:\/\/norteembalagens.com.br\/peixoto\/wp-json\/wp\/v2\/media\/2616"}],"wp:attachment":[{"href":"https:\/\/norteembalagens.com.br\/peixoto\/wp-json\/wp\/v2\/media?parent=2615"}],"wp:term":[{"taxonomy":"product_cat","embeddable":true,"href":"https:\/\/norteembalagens.com.br\/peixoto\/wp-json\/wp\/v2\/product_cat?post=2615"},{"taxonomy":"product_tag","embeddable":true,"href":"https:\/\/norteembalagens.com.br\/peixoto\/wp-json\/wp\/v2\/product_tag?post=2615"}],"curies":[{"name":"wp","href":"https:\/\/api.w.org\/{rel}","templated":true}]}}