{"id":2611,"date":"2024-06-23T14:05:10","date_gmt":"2024-06-23T14:05:10","guid":{"rendered":"https:\/\/norteembalagens.com.br\/peixoto\/?post_type=product&#038;p=2611"},"modified":"2024-07-13T14:55:13","modified_gmt":"2024-07-13T14:55:13","slug":"cola-branca-escolar-liquida-40g","status":"publish","type":"product","link":"https:\/\/norteembalagens.com.br\/peixoto\/produto\/cola-branca-escolar-liquida-40g\/","title":{"rendered":"Cola Branca Escolar L\u00edquida 40g"},"content":{"rendered":"<p>Ideal para colar papel, cart\u00f5es, fotos, e derivados de papel, a cola branca l\u00edquida da VMP foi desenvolvida para facilitar o seu dia a dia, seja na escola, em casa ou no trabalho, sem abrir m\u00e3o de muita praticidade. \u00c9 de f\u00e1cil aplica\u00e7\u00e3o, al\u00e9m de ser superecon\u00f4mica. Possui tampa rosque\u00e1vel que evita vazamento, trazendo seguran\u00e7a no armazenamento. Sem d\u00favidas, essa cola vai agregar ainda mais qualidade aos seus materiais e os da sua crian\u00e7a!<\/p>\n<p><strong>Modo de Uso:<\/strong>\u00a0Girar a tampa azul da esquerda para a direita antes do uso. Ap\u00f3s o uso, girar a tampa azul da direita para a esquerda at\u00e9 aparecer a trava branca.<\/p>\n<p><strong>Composi\u00e7\u00e3o do Produto:<\/strong>\u00a0Acetato de Polivinila. Produto at\u00f3xico e lav\u00e1vel.<\/p>\n","protected":false},"excerpt":{"rendered":"<ul>\n<li>Multiuso<br \/>\nF\u00e1cil aplica\u00e7\u00e3o<br \/>\nTampa rosque\u00e1vel<br \/>\nSeguran\u00e7a no armazenamento<br \/>\nEcon\u00f4mica<\/li>\n<\/ul>\n<p>Que tal utilizar um produto que seja eficiente, funcional e superecon\u00f4mico? A Cola Branca L\u00edquida 40G VMP \u00e9 perfeita para isso!<\/p>\n","protected":false},"featured_media":2612,"comment_status":"open","ping_status":"closed","template":"","meta":{"inline_featured_image":false,"_monsterinsights_skip_tracking":false,"_monsterinsights_sitenote_active":false,"_monsterinsights_sitenote_note":"","_monsterinsights_sitenote_category":0},"product_cat":[212],"product_tag":[],"class_list":{"0":"post-2611","1":"product","2":"type-product","3":"status-publish","4":"has-post-thumbnail","6":"product_cat-escritorio","8":"first","9":"outofstock","10":"shipping-taxable","11":"product-type-variable"},"aioseo_notices":[],"_links":{"self":[{"href":"https:\/\/norteembalagens.com.br\/peixoto\/wp-json\/wp\/v2\/product\/2611","targetHints":{"allow":["GET"]}}],"collection":[{"href":"https:\/\/norteembalagens.com.br\/peixoto\/wp-json\/wp\/v2\/product"}],"about":[{"href":"https:\/\/norteembalagens.com.br\/peixoto\/wp-json\/wp\/v2\/types\/product"}],"replies":[{"embeddable":true,"href":"https:\/\/norteembalagens.com.br\/peixoto\/wp-json\/wp\/v2\/comments?post=2611"}],"wp:featuredmedia":[{"embeddable":true,"href":"https:\/\/norteembalagens.com.br\/peixoto\/wp-json\/wp\/v2\/media\/2612"}],"wp:attachment":[{"href":"https:\/\/norteembalagens.com.br\/peixoto\/wp-json\/wp\/v2\/media?parent=2611"}],"wp:term":[{"taxonomy":"product_cat","embeddable":true,"href":"https:\/\/norteembalagens.com.br\/peixoto\/wp-json\/wp\/v2\/product_cat?post=2611"},{"taxonomy":"product_tag","embeddable":true,"href":"https:\/\/norteembalagens.com.br\/peixoto\/wp-json\/wp\/v2\/product_tag?post=2611"}],"curies":[{"name":"wp","href":"https:\/\/api.w.org\/{rel}","templated":true}]}}