{"id":2608,"date":"2024-06-23T13:55:29","date_gmt":"2024-06-23T13:55:29","guid":{"rendered":"https:\/\/norteembalagens.com.br\/peixoto\/?post_type=product&#038;p=2608"},"modified":"2024-07-13T14:55:33","modified_gmt":"2024-07-13T14:55:33","slug":"cola-bastao-office-20-g","status":"publish","type":"product","link":"https:\/\/norteembalagens.com.br\/peixoto\/produto\/cola-bastao-office-20-g\/","title":{"rendered":"COLA BASTAO OFFICE 20 G"},"content":{"rendered":"<h2 id=\"subtitle-2\" class=\"subtitle\">Especifica\u00e7\u00e3o<\/h2>\n<div id=\"subtitle-content-2\" class=\"subtitle-content\">\n<p>\u2022\u00a0<b>Marca:\u00a0<\/b>Radex<\/p>\n<p>\u2022\u00a0<b>Modelo:\u00a0<\/b>Office Fix<\/p>\n<p>\u2022\u00a0<b>Embalagem:\u00a0<\/b>Pacote com 12 unidades<\/p>\n<p>\u2022\u00a0<b>Formato:\u00a0<\/b>Bast\u00e3o<\/p>\n<p>\u2022\u00a0<b>Quantidade:\u00a0<\/b>20 gramas<\/p>\n<p>\u2022\u00a0<b>Uso:\u00a0<\/b>Papel, Cartolina, Foto, Envelope e Tecido<\/p>\n<p>\u2022\u00a0<b>Composi\u00e7\u00e3o:\u00a0<\/b>Resina Sint\u00e9tica, \u00c9ter de Poliglucos\u00eddeo, Glicerina, \u00c1gua e Conservantes.<\/p>\n<\/div>\n","protected":false},"excerpt":{"rendered":"<p>Cola em bast\u00e3o Radex Office Fix, \u00e9 perfeita para o uso escolar e no escrit\u00f3rio, podendo ser usada em papel, foto e tecido.<\/p>\n<p>Desliza macio sem soltar fiapos, devido a presen\u00e7a de glicerina.<\/p>\n<p>Corpo em bast\u00e3o com base girat\u00f3ria e tampa herm\u00e9tica que conserva a qualidade e a textura da cola.<\/p>\n<p>A cola \u00e9 at\u00f3xica, podendo ser utilizado pelas crian\u00e7as a partir de 3 anos.<\/p>\n<p>&nbsp;<\/p>\n","protected":false},"featured_media":2610,"comment_status":"open","ping_status":"closed","template":"","meta":{"inline_featured_image":false,"_monsterinsights_skip_tracking":false,"_monsterinsights_sitenote_active":false,"_monsterinsights_sitenote_note":"","_monsterinsights_sitenote_category":0},"product_cat":[212],"product_tag":[],"class_list":{"0":"post-2608","1":"product","2":"type-product","3":"status-publish","4":"has-post-thumbnail","6":"product_cat-escritorio","8":"first","9":"outofstock","10":"shipping-taxable","11":"product-type-variable"},"aioseo_notices":[],"_links":{"self":[{"href":"https:\/\/norteembalagens.com.br\/peixoto\/wp-json\/wp\/v2\/product\/2608","targetHints":{"allow":["GET"]}}],"collection":[{"href":"https:\/\/norteembalagens.com.br\/peixoto\/wp-json\/wp\/v2\/product"}],"about":[{"href":"https:\/\/norteembalagens.com.br\/peixoto\/wp-json\/wp\/v2\/types\/product"}],"replies":[{"embeddable":true,"href":"https:\/\/norteembalagens.com.br\/peixoto\/wp-json\/wp\/v2\/comments?post=2608"}],"wp:featuredmedia":[{"embeddable":true,"href":"https:\/\/norteembalagens.com.br\/peixoto\/wp-json\/wp\/v2\/media\/2610"}],"wp:attachment":[{"href":"https:\/\/norteembalagens.com.br\/peixoto\/wp-json\/wp\/v2\/media?parent=2608"}],"wp:term":[{"taxonomy":"product_cat","embeddable":true,"href":"https:\/\/norteembalagens.com.br\/peixoto\/wp-json\/wp\/v2\/product_cat?post=2608"},{"taxonomy":"product_tag","embeddable":true,"href":"https:\/\/norteembalagens.com.br\/peixoto\/wp-json\/wp\/v2\/product_tag?post=2608"}],"curies":[{"name":"wp","href":"https:\/\/api.w.org\/{rel}","templated":true}]}}