{"id":2566,"date":"2024-06-23T01:34:16","date_gmt":"2024-06-23T01:34:16","guid":{"rendered":"https:\/\/norteembalagens.com.br\/peixoto\/?post_type=product&#038;p=2566"},"modified":"2024-07-13T14:56:15","modified_gmt":"2024-07-13T14:56:15","slug":"grampeador-metalico-longo-p-ate-25-fls","status":"publish","type":"product","link":"https:\/\/norteembalagens.com.br\/peixoto\/produto\/grampeador-metalico-longo-p-ate-25-fls\/","title":{"rendered":"Grampeador Met\u00e1lico Longo P\/ At\u00e9 25 Fls"},"content":{"rendered":"<p>Embalagem:\u00a0Caixa com 1 unidade.<\/p>\n<p>Composi\u00e7\u00e3o: base de resina termopl\u00e1stica, polipropileno e estrutura interna de a\u00e7o carbono.<\/p>\n<p>C\u00f3digo de venda: 7898520011285<\/p>\n<p>M\u00faltiplo de venda: 6 unidades.<\/p>\n<p>Caixa master: 12 unidades.<\/p>\n<p>Dimens\u00f5es do produto: 40 cm<\/p>\n","protected":false},"excerpt":{"rendered":"<p>Grampeador longo alcance para 25 folhas ideal para a confec\u00e7\u00e3o de revistas, folders, informativos e etc. Devido ao bra\u00e7o longo do grampeador ele permite grampear no meio da folha.<\/p>\n<p>Utiliza grampos 24\/06 e 26\/06<\/p>\n","protected":false},"featured_media":2567,"comment_status":"open","ping_status":"closed","template":"","meta":{"inline_featured_image":false,"_monsterinsights_skip_tracking":false,"_monsterinsights_sitenote_active":false,"_monsterinsights_sitenote_note":"","_monsterinsights_sitenote_category":0},"product_cat":[212],"product_tag":[],"class_list":{"0":"post-2566","1":"product","2":"type-product","3":"status-publish","4":"has-post-thumbnail","6":"product_cat-escritorio","8":"first","9":"outofstock","10":"shipping-taxable","11":"product-type-variable"},"aioseo_notices":[],"_links":{"self":[{"href":"https:\/\/norteembalagens.com.br\/peixoto\/wp-json\/wp\/v2\/product\/2566","targetHints":{"allow":["GET"]}}],"collection":[{"href":"https:\/\/norteembalagens.com.br\/peixoto\/wp-json\/wp\/v2\/product"}],"about":[{"href":"https:\/\/norteembalagens.com.br\/peixoto\/wp-json\/wp\/v2\/types\/product"}],"replies":[{"embeddable":true,"href":"https:\/\/norteembalagens.com.br\/peixoto\/wp-json\/wp\/v2\/comments?post=2566"}],"wp:featuredmedia":[{"embeddable":true,"href":"https:\/\/norteembalagens.com.br\/peixoto\/wp-json\/wp\/v2\/media\/2567"}],"wp:attachment":[{"href":"https:\/\/norteembalagens.com.br\/peixoto\/wp-json\/wp\/v2\/media?parent=2566"}],"wp:term":[{"taxonomy":"product_cat","embeddable":true,"href":"https:\/\/norteembalagens.com.br\/peixoto\/wp-json\/wp\/v2\/product_cat?post=2566"},{"taxonomy":"product_tag","embeddable":true,"href":"https:\/\/norteembalagens.com.br\/peixoto\/wp-json\/wp\/v2\/product_tag?post=2566"}],"curies":[{"name":"wp","href":"https:\/\/api.w.org\/{rel}","templated":true}]}}